{"id":1018,"date":"2021-06-23T17:14:01","date_gmt":"2021-06-23T17:14:01","guid":{"rendered":"https:\/\/www.opticavisionsantander.com\/?page_id=1018"},"modified":"2021-06-26T00:13:14","modified_gmt":"2021-06-26T00:13:14","slug":"galeria","status":"publish","type":"page","link":"https:\/\/www.opticavisionsantander.com\/index.php\/galeria\/","title":{"rendered":"Galeria"},"content":{"rendered":"<p>[et_pb_section fb_built=&#8221;1&#8243; _builder_version=&#8221;4.9.7&#8243; _module_preset=&#8221;default&#8221;][et_pb_row _builder_version=&#8221;4.9.7&#8243; _module_preset=&#8221;default&#8221;][et_pb_column type=&#8221;4_4&#8243; _builder_version=&#8221;4.9.7&#8243; _module_preset=&#8221;default&#8221;][et_pb_gallery gallery_ids=&#8221;837,835,833,475,478,367,365,364,360,315,243,238,45,42,41,40,36&#8243; gallery_orderby=&#8221;rand&#8221; posts_number=&#8221;12&#8243; show_title_and_caption=&#8221;off&#8221; _builder_version=&#8221;4.9.7&#8243; _module_preset=&#8221;default&#8221; transform_scale_tablet=&#8221;&#8221; transform_scale_phone=&#8221;&#8221; transform_scale_last_edited=&#8221;on|desktop&#8221; transform_translate_tablet=&#8221;&#8221; transform_translate_phone=&#8221;&#8221; transform_translate_last_edited=&#8221;on|phone&#8221; transform_rotate_tablet=&#8221;&#8221; transform_rotate_phone=&#8221;&#8221; transform_rotate_last_edited=&#8221;on|phone&#8221; transform_skew_tablet=&#8221;&#8221; transform_skew_phone=&#8221;&#8221; transform_skew_last_edited=&#8221;on|phone&#8221; transform_origin_tablet=&#8221;&#8221; transform_origin_phone=&#8221;&#8221; transform_origin_last_edited=&#8221;on|phone&#8221; transform_styles_last_edited=&#8221;on|desktop&#8221; transform_styles_tablet=&#8221;&#8221; transform_styles_phone=&#8221;&#8221; border_radii_image=&#8221;on|19px|19px|19px|19px&#8221; border_width_all_image=&#8221;0px&#8221; border_radii_image_tablet=&#8221;&#8221; border_radii_image_phone=&#8221;&#8221; border_radii_image_last_edited=&#8221;on|phone&#8221;][\/et_pb_gallery][\/et_pb_column][\/et_pb_row][et_pb_row _builder_version=&#8221;4.9.7&#8243; _module_preset=&#8221;default&#8221;][et_pb_column type=&#8221;4_4&#8243; _builder_version=&#8221;4.9.7&#8243; _module_preset=&#8221;default&#8221;][et_pb_video_slider show_image_overlay=&#8221;on&#8221; _builder_version=&#8221;4.9.7&#8243; _module_preset=&#8221;default&#8221; hover_enabled=&#8221;0&#8243; show_thumbnails=&#8221;off&#8221; sticky_enabled=&#8221;0&#8243;][et_pb_video_slider_item src=&#8221;http:\/\/www.opticavisionsantander.com\/wp-content\/uploads\/2021\/05\/VID-20210507-WA00472.mp4&#8243; _builder_version=&#8221;4.9.7&#8243; _module_preset=&#8221;default&#8221; show_image_overlay=&#8221;on&#8221;][\/et_pb_video_slider_item][et_pb_video_slider_item src=&#8221;http:\/\/www.opticavisionsantander.com\/wp-content\/uploads\/2021\/05\/VID-20210507-WA00481.mp4&#8243; _builder_version=&#8221;4.9.7&#8243; _module_preset=&#8221;default&#8221; show_image_overlay=&#8221;on&#8221;][\/et_pb_video_slider_item][et_pb_video_slider_item src=&#8221;http:\/\/www.opticavisionsantander.com\/wp-content\/uploads\/2021\/05\/VID-20210507-WA00461.mp4&#8243; _builder_version=&#8221;4.9.7&#8243; _module_preset=&#8221;default&#8221; show_image_overlay=&#8221;on&#8221;][\/et_pb_video_slider_item][et_pb_video_slider_item src=&#8221;http:\/\/www.opticavisionsantander.com\/wp-content\/uploads\/2021\/05\/VID-20210507-WA00451.mp4&#8243; _builder_version=&#8221;4.9.7&#8243; _module_preset=&#8221;default&#8221; show_image_overlay=&#8221;on&#8221;][\/et_pb_video_slider_item][et_pb_video_slider_item src=&#8221;http:\/\/www.opticavisionsantander.com\/wp-content\/uploads\/2021\/05\/VID-20210507-WA00431.mp4&#8243; _builder_version=&#8221;4.9.7&#8243; _module_preset=&#8221;default&#8221; show_image_overlay=&#8221;on&#8221;][\/et_pb_video_slider_item][\/et_pb_video_slider][\/et_pb_column][\/et_pb_row][\/et_pb_section]<\/p>\n","protected":false},"excerpt":{"rendered":"<p>&#8230;<\/p>\n","protected":false},"author":1,"featured_media":0,"parent":0,"menu_order":0,"comment_status":"closed","ping_status":"closed","template":"","meta":{"_et_pb_use_builder":"on","_et_pb_old_content":"<!-- wp:divi\/placeholder \/-->","_et_gb_content_width":"2880","neve_meta_sidebar":"full-width","neve_meta_container":"full-width","neve_meta_enable_content_width":"on","neve_meta_content_width":100,"neve_meta_title_alignment":"","neve_meta_author_avatar":"","neve_post_elements_order":"","neve_meta_disable_header":"","neve_meta_disable_footer":"","neve_meta_disable_title":"on","_joinchat":[],"footnotes":""},"class_list":["post-1018","page","type-page","status-publish","hentry"],"yoast_head":"<!-- This site is optimized with the Yoast SEO Premium plugin v25.6 (Yoast SEO v27.1.1) - https:\/\/yoast.com\/product\/yoast-seo-premium-wordpress\/ -->\n<title>Galeria &#8902; \u00d3ptica Visi\u00f3n Santander<\/title>\n<meta name=\"robots\" content=\"index, follow, max-snippet:-1, max-image-preview:large, max-video-preview:-1\" \/>\n<link rel=\"canonical\" href=\"https:\/\/www.opticavisionsantander.com\/index.php\/galeria\/\" \/>\n<meta property=\"og:locale\" content=\"es_ES\" \/>\n<meta property=\"og:type\" content=\"article\" \/>\n<meta property=\"og:title\" content=\"Galeria\" \/>\n<meta property=\"og:description\" content=\"...\" \/>\n<meta property=\"og:url\" content=\"https:\/\/www.opticavisionsantander.com\/index.php\/galeria\/\" \/>\n<meta property=\"og:site_name\" content=\"\u00d3ptica Visi\u00f3n Santander\" \/>\n<meta property=\"article:publisher\" content=\"https:\/\/www.facebook.com\/opticavisionsantander\/\" \/>\n<meta property=\"article:modified_time\" content=\"2021-06-26T00:13:14+00:00\" \/>\n<meta name=\"twitter:card\" content=\"summary_large_image\" \/>\n<meta name=\"twitter:label1\" content=\"Tiempo de lectura\" \/>\n\t<meta name=\"twitter:data1\" content=\"2 minutos\" \/>\n<script type=\"application\/ld+json\" class=\"yoast-schema-graph\">{\"@context\":\"https:\/\/schema.org\",\"@graph\":[{\"@type\":\"WebPage\",\"@id\":\"https:\/\/www.opticavisionsantander.com\/index.php\/galeria\/\",\"url\":\"https:\/\/www.opticavisionsantander.com\/index.php\/galeria\/\",\"name\":\"Galeria &#8902; \u00d3ptica Visi\u00f3n Santander\",\"isPartOf\":{\"@id\":\"https:\/\/www.opticavisionsantander.com\/#website\"},\"datePublished\":\"2021-06-23T17:14:01+00:00\",\"dateModified\":\"2021-06-26T00:13:14+00:00\",\"breadcrumb\":{\"@id\":\"https:\/\/www.opticavisionsantander.com\/index.php\/galeria\/#breadcrumb\"},\"inLanguage\":\"es\",\"potentialAction\":[{\"@type\":\"ReadAction\",\"target\":[\"https:\/\/www.opticavisionsantander.com\/index.php\/galeria\/\"]}]},{\"@type\":\"BreadcrumbList\",\"@id\":\"https:\/\/www.opticavisionsantander.com\/index.php\/galeria\/#breadcrumb\",\"itemListElement\":[{\"@type\":\"ListItem\",\"position\":1,\"name\":\"Portada\",\"item\":\"https:\/\/www.opticavisionsantander.com\/\"},{\"@type\":\"ListItem\",\"position\":2,\"name\":\"Galeria\"}]},{\"@type\":\"WebSite\",\"@id\":\"https:\/\/www.opticavisionsantander.com\/#website\",\"url\":\"https:\/\/www.opticavisionsantander.com\/\",\"name\":\"\u00d3ptica Visi\u00f3n Santander\",\"description\":\"\u00d3pticas en V\u00e9lez y Barbosa Santander - Tienda Virtual\",\"publisher\":{\"@id\":\"https:\/\/www.opticavisionsantander.com\/#organization\"},\"potentialAction\":[{\"@type\":\"SearchAction\",\"target\":{\"@type\":\"EntryPoint\",\"urlTemplate\":\"https:\/\/www.opticavisionsantander.com\/?s={search_term_string}\"},\"query-input\":{\"@type\":\"PropertyValueSpecification\",\"valueRequired\":true,\"valueName\":\"search_term_string\"}}],\"inLanguage\":\"es\"},{\"@type\":\"Organization\",\"@id\":\"https:\/\/www.opticavisionsantander.com\/#organization\",\"name\":\"Optica Vision Santander\",\"url\":\"https:\/\/www.opticavisionsantander.com\/\",\"logo\":{\"@type\":\"ImageObject\",\"inLanguage\":\"es\",\"@id\":\"https:\/\/www.opticavisionsantander.com\/#\/schema\/logo\/image\/\",\"url\":\"https:\/\/www.opticavisionsantander.com\/wp-content\/uploads\/2021\/06\/LOGO-SOLO.jpg\",\"contentUrl\":\"https:\/\/www.opticavisionsantander.com\/wp-content\/uploads\/2021\/06\/LOGO-SOLO.jpg\",\"width\":2165,\"height\":755,\"caption\":\"Optica Vision Santander\"},\"image\":{\"@id\":\"https:\/\/www.opticavisionsantander.com\/#\/schema\/logo\/image\/\"},\"sameAs\":[\"https:\/\/www.facebook.com\/opticavisionsantander\/\",\"https:\/\/www.instagram.com\/opticavisionsantander\/\"]}]}<\/script>\n<!-- \/ Yoast SEO Premium plugin. -->","yoast_head_json":{"title":"Galeria &#8902; \u00d3ptica Visi\u00f3n Santander","robots":{"index":"index","follow":"follow","max-snippet":"max-snippet:-1","max-image-preview":"max-image-preview:large","max-video-preview":"max-video-preview:-1"},"canonical":"https:\/\/www.opticavisionsantander.com\/index.php\/galeria\/","og_locale":"es_ES","og_type":"article","og_title":"Galeria","og_description":"...","og_url":"https:\/\/www.opticavisionsantander.com\/index.php\/galeria\/","og_site_name":"\u00d3ptica Visi\u00f3n Santander","article_publisher":"https:\/\/www.facebook.com\/opticavisionsantander\/","article_modified_time":"2021-06-26T00:13:14+00:00","twitter_card":"summary_large_image","twitter_misc":{"Tiempo de lectura":"2 minutos"},"schema":{"@context":"https:\/\/schema.org","@graph":[{"@type":"WebPage","@id":"https:\/\/www.opticavisionsantander.com\/index.php\/galeria\/","url":"https:\/\/www.opticavisionsantander.com\/index.php\/galeria\/","name":"Galeria &#8902; \u00d3ptica Visi\u00f3n Santander","isPartOf":{"@id":"https:\/\/www.opticavisionsantander.com\/#website"},"datePublished":"2021-06-23T17:14:01+00:00","dateModified":"2021-06-26T00:13:14+00:00","breadcrumb":{"@id":"https:\/\/www.opticavisionsantander.com\/index.php\/galeria\/#breadcrumb"},"inLanguage":"es","potentialAction":[{"@type":"ReadAction","target":["https:\/\/www.opticavisionsantander.com\/index.php\/galeria\/"]}]},{"@type":"BreadcrumbList","@id":"https:\/\/www.opticavisionsantander.com\/index.php\/galeria\/#breadcrumb","itemListElement":[{"@type":"ListItem","position":1,"name":"Portada","item":"https:\/\/www.opticavisionsantander.com\/"},{"@type":"ListItem","position":2,"name":"Galeria"}]},{"@type":"WebSite","@id":"https:\/\/www.opticavisionsantander.com\/#website","url":"https:\/\/www.opticavisionsantander.com\/","name":"\u00d3ptica Visi\u00f3n Santander","description":"\u00d3pticas en V\u00e9lez y Barbosa Santander - Tienda Virtual","publisher":{"@id":"https:\/\/www.opticavisionsantander.com\/#organization"},"potentialAction":[{"@type":"SearchAction","target":{"@type":"EntryPoint","urlTemplate":"https:\/\/www.opticavisionsantander.com\/?s={search_term_string}"},"query-input":{"@type":"PropertyValueSpecification","valueRequired":true,"valueName":"search_term_string"}}],"inLanguage":"es"},{"@type":"Organization","@id":"https:\/\/www.opticavisionsantander.com\/#organization","name":"Optica Vision Santander","url":"https:\/\/www.opticavisionsantander.com\/","logo":{"@type":"ImageObject","inLanguage":"es","@id":"https:\/\/www.opticavisionsantander.com\/#\/schema\/logo\/image\/","url":"https:\/\/www.opticavisionsantander.com\/wp-content\/uploads\/2021\/06\/LOGO-SOLO.jpg","contentUrl":"https:\/\/www.opticavisionsantander.com\/wp-content\/uploads\/2021\/06\/LOGO-SOLO.jpg","width":2165,"height":755,"caption":"Optica Vision Santander"},"image":{"@id":"https:\/\/www.opticavisionsantander.com\/#\/schema\/logo\/image\/"},"sameAs":["https:\/\/www.facebook.com\/opticavisionsantander\/","https:\/\/www.instagram.com\/opticavisionsantander\/"]}]}},"_links":{"self":[{"href":"https:\/\/www.opticavisionsantander.com\/index.php\/wp-json\/wp\/v2\/pages\/1018","targetHints":{"allow":["GET"]}}],"collection":[{"href":"https:\/\/www.opticavisionsantander.com\/index.php\/wp-json\/wp\/v2\/pages"}],"about":[{"href":"https:\/\/www.opticavisionsantander.com\/index.php\/wp-json\/wp\/v2\/types\/page"}],"author":[{"embeddable":true,"href":"https:\/\/www.opticavisionsantander.com\/index.php\/wp-json\/wp\/v2\/users\/1"}],"replies":[{"embeddable":true,"href":"https:\/\/www.opticavisionsantander.com\/index.php\/wp-json\/wp\/v2\/comments?post=1018"}],"version-history":[{"count":7,"href":"https:\/\/www.opticavisionsantander.com\/index.php\/wp-json\/wp\/v2\/pages\/1018\/revisions"}],"predecessor-version":[{"id":1699,"href":"https:\/\/www.opticavisionsantander.com\/index.php\/wp-json\/wp\/v2\/pages\/1018\/revisions\/1699"}],"wp:attachment":[{"href":"https:\/\/www.opticavisionsantander.com\/index.php\/wp-json\/wp\/v2\/media?parent=1018"}],"curies":[{"name":"wp","href":"https:\/\/api.w.org\/{rel}","templated":true}]}}